{"id":12,"date":"2025-08-30T09:22:31","date_gmt":"2025-08-30T09:22:31","guid":{"rendered":"https:\/\/talajoaillerie.com\/?page_id=12"},"modified":"2025-09-15T09:30:12","modified_gmt":"2025-09-15T09:30:12","slug":"blog","status":"publish","type":"page","link":"https:\/\/talajoaillerie.com\/index.php\/blog\/","title":{"rendered":"Blog"},"content":{"rendered":"\t\t<div data-elementor-type=\"wp-page\" data-elementor-id=\"12\" class=\"elementor elementor-12\" data-elementor-post-type=\"page\">\n\t\t\t\t<div class=\"elementor-element elementor-element-6e58b20 e-flex e-con-boxed e-con e-parent\" data-id=\"6e58b20\" data-element_type=\"container\">\n\t\t\t\t\t<div class=\"e-con-inner\">\n\t\t\t\t<div class=\"elementor-element elementor-element-66af5aa elementor-widget elementor-widget-spacer\" data-id=\"66af5aa\" data-element_type=\"widget\" data-widget_type=\"spacer.default\">\n\t\t\t\t\t\t\t<div class=\"elementor-spacer\">\n\t\t\t<div class=\"elementor-spacer-inner\"><\/div>\n\t\t<\/div>\n\t\t\t\t\t\t<\/div>\n\t\t\t\t\t<\/div>\n\t\t\t\t<\/div>\n\t\t<div class=\"elementor-element elementor-element-f619aaa e-flex e-con-boxed e-con e-parent\" data-id=\"f619aaa\" data-element_type=\"container\">\n\t\t\t\t\t<div class=\"e-con-inner\">\n\t\t\t\t<div class=\"elementor-element elementor-element-8570153 elementor-grid-2 elementor-grid-tablet-2 elementor-grid-mobile-1 elementor-posts--thumbnail-top elementor-card-shadow-yes elementor-posts__hover-gradient elementor-widget elementor-widget-posts\" data-id=\"8570153\" data-element_type=\"widget\" data-settings=\"{&quot;cards_columns&quot;:&quot;2&quot;,&quot;cards_masonry&quot;:&quot;yes&quot;,&quot;pagination_type&quot;:&quot;numbers_and_prev_next&quot;,&quot;cards_columns_tablet&quot;:&quot;2&quot;,&quot;cards_columns_mobile&quot;:&quot;1&quot;,&quot;cards_row_gap&quot;:{&quot;unit&quot;:&quot;px&quot;,&quot;size&quot;:35,&quot;sizes&quot;:[]},&quot;cards_row_gap_tablet&quot;:{&quot;unit&quot;:&quot;px&quot;,&quot;size&quot;:&quot;&quot;,&quot;sizes&quot;:[]},&quot;cards_row_gap_mobile&quot;:{&quot;unit&quot;:&quot;px&quot;,&quot;size&quot;:&quot;&quot;,&quot;sizes&quot;:[]}}\" data-widget_type=\"posts.cards\">\n\t\t\t\t<div class=\"elementor-widget-container\">\n\t\t\t\t\t\t\t<div class=\"elementor-posts-container elementor-posts elementor-posts--skin-cards elementor-grid\" role=\"list\">\n\t\t\t\t<article class=\"elementor-post elementor-grid-item post-1362 post type-post status-publish format-standard has-post-thumbnail hentry category-evenements-et-conferences-sur-lor tag-conferences tag-evenements tag-evenements-et-conferences-sur-lor\" role=\"listitem\">\n\t\t\t<div class=\"elementor-post__card\">\n\t\t\t\t<a class=\"elementor-post__thumbnail__link\" href=\"https:\/\/talajoaillerie.com\/index.php\/2026\/01\/29\/maison-tala-joaillerie-au-club-rotary-un-moment-de-partage-et-delegance\/\" tabindex=\"-1\" ><div class=\"elementor-post__thumbnail\"><img fetchpriority=\"high\" decoding=\"async\" width=\"300\" height=\"225\" src=\"https:\/\/talajoaillerie.com\/wp-content\/uploads\/2026\/01\/PHOTO-2026-01-09-13-47-31-1-300x225.jpg\" class=\"attachment-medium size-medium wp-image-1358\" alt=\"Rencontre entre Maison Tala Joaillerie et le Maire lors de l\u2019exposition au Club Rotary.\" srcset=\"https:\/\/talajoaillerie.com\/wp-content\/uploads\/2026\/01\/PHOTO-2026-01-09-13-47-31-1-300x225.jpg 300w, https:\/\/talajoaillerie.com\/wp-content\/uploads\/2026\/01\/PHOTO-2026-01-09-13-47-31-1-600x450.jpg 600w, https:\/\/talajoaillerie.com\/wp-content\/uploads\/2026\/01\/PHOTO-2026-01-09-13-47-31-1-1024x768.jpg 1024w, https:\/\/talajoaillerie.com\/wp-content\/uploads\/2026\/01\/PHOTO-2026-01-09-13-47-31-1-768x576.jpg 768w, https:\/\/talajoaillerie.com\/wp-content\/uploads\/2026\/01\/PHOTO-2026-01-09-13-47-31-1-1536x1152.jpg 1536w, https:\/\/talajoaillerie.com\/wp-content\/uploads\/2026\/01\/PHOTO-2026-01-09-13-47-31-1.jpg 1600w\" sizes=\"(max-width: 300px) 100vw, 300px\" \/><\/div><\/a>\n\t\t\t\t<div class=\"elementor-post__text\">\n\t\t\t\t<h3 class=\"elementor-post__title\">\n\t\t\t<a href=\"https:\/\/talajoaillerie.com\/index.php\/2026\/01\/29\/maison-tala-joaillerie-au-club-rotary-un-moment-de-partage-et-delegance\/\" >\n\t\t\t\tMaison Tala Joaillerie au Club Rotary \u2013 Un moment de partage et d\u2019\u00e9l\u00e9gance\t\t\t<\/a>\n\t\t<\/h3>\n\t\t\t\t<div class=\"elementor-post__excerpt\">\n\t\t\t<p>Maison Tala Joaillerie a eu l\u2019honneur de participer \u00e0 une exposition organis\u00e9e par le Club Rotary, un r\u00e9seau international reconnu pour son engagement culturel et<\/p>\n\t\t<\/div>\n\t\t\n\t\t<a class=\"elementor-post__read-more\" href=\"https:\/\/talajoaillerie.com\/index.php\/2026\/01\/29\/maison-tala-joaillerie-au-club-rotary-un-moment-de-partage-et-delegance\/\" aria-label=\"Read more about Maison Tala Joaillerie au Club Rotary \u2013 Un moment de partage et d\u2019\u00e9l\u00e9gance\" tabindex=\"-1\" >\n\t\t\tRead More \u00bb\t\t<\/a>\n\n\t\t\t\t<\/div>\n\t\t\t\t<div class=\"elementor-post__meta-data\">\n\t\t\t\t\t<span class=\"elementor-post-date\">\n\t\t\tJanuary 29, 2026\t\t<\/span>\n\t\t\t\t<span class=\"elementor-post-avatar\">\n\t\t\tNo Comments\t\t<\/span>\n\t\t\t\t<\/div>\n\t\t\t\t\t<\/div>\n\t\t<\/article>\n\t\t\t\t<article class=\"elementor-post elementor-grid-item post-1293 post type-post status-publish format-standard has-post-thumbnail hentry category-evenements-et-conferences-sur-lor\" role=\"listitem\">\n\t\t\t<div class=\"elementor-post__card\">\n\t\t\t\t<a class=\"elementor-post__thumbnail__link\" href=\"https:\/\/talajoaillerie.com\/index.php\/2025\/11\/13\/retour-sur-lexposition-de-bijoux-tala-joaillerie-a-amiens\/\" tabindex=\"-1\" ><div class=\"elementor-post__thumbnail\"><img decoding=\"async\" width=\"300\" height=\"200\" src=\"https:\/\/talajoaillerie.com\/wp-content\/uploads\/2025\/11\/IMG_6234-min-300x200.jpg\" class=\"attachment-medium size-medium wp-image-1289\" alt=\"Exposition de bijoux de Tala Joaillerie \u00e0 Amiens \u2013 cr\u00e9ations en or 18K et design artisanal.\" srcset=\"https:\/\/talajoaillerie.com\/wp-content\/uploads\/2025\/11\/IMG_6234-min-300x200.jpg 300w, https:\/\/talajoaillerie.com\/wp-content\/uploads\/2025\/11\/IMG_6234-min-scaled-600x400.jpg 600w, https:\/\/talajoaillerie.com\/wp-content\/uploads\/2025\/11\/IMG_6234-min-1024x683.jpg 1024w, https:\/\/talajoaillerie.com\/wp-content\/uploads\/2025\/11\/IMG_6234-min-768x512.jpg 768w, https:\/\/talajoaillerie.com\/wp-content\/uploads\/2025\/11\/IMG_6234-min-1536x1024.jpg 1536w, https:\/\/talajoaillerie.com\/wp-content\/uploads\/2025\/11\/IMG_6234-min-2048x1365.jpg 2048w\" sizes=\"(max-width: 300px) 100vw, 300px\" \/><\/div><\/a>\n\t\t\t\t<div class=\"elementor-post__text\">\n\t\t\t\t<h3 class=\"elementor-post__title\">\n\t\t\t<a href=\"https:\/\/talajoaillerie.com\/index.php\/2025\/11\/13\/retour-sur-lexposition-de-bijoux-tala-joaillerie-a-amiens\/\" >\n\t\t\t\tRetour sur l\u2019Exposition de Bijoux   Tala Joaillerie \u00e0 Amiens\t\t\t<\/a>\n\t\t<\/h3>\n\t\t\t\t<div class=\"elementor-post__excerpt\">\n\t\t\t<p>Un moment d\u2019\u00e9l\u00e9gance et de cr\u00e9ativit\u00e9 o\u00f9 l\u2019art joaillier a rencontr\u00e9 l\u2019\u00e9motion Le samedi 1er novembre 2025, Tala Joaillerie a pr\u00e9sent\u00e9 ses cr\u00e9ations raffin\u00e9es lors<\/p>\n\t\t<\/div>\n\t\t\n\t\t<a class=\"elementor-post__read-more\" href=\"https:\/\/talajoaillerie.com\/index.php\/2025\/11\/13\/retour-sur-lexposition-de-bijoux-tala-joaillerie-a-amiens\/\" aria-label=\"Read more about Retour sur l\u2019Exposition de Bijoux   Tala Joaillerie \u00e0 Amiens\" tabindex=\"-1\" >\n\t\t\tRead More \u00bb\t\t<\/a>\n\n\t\t\t\t<\/div>\n\t\t\t\t<div class=\"elementor-post__meta-data\">\n\t\t\t\t\t<span class=\"elementor-post-date\">\n\t\t\tNovember 13, 2025\t\t<\/span>\n\t\t\t\t<span class=\"elementor-post-avatar\">\n\t\t\tNo Comments\t\t<\/span>\n\t\t\t\t<\/div>\n\t\t\t\t\t<\/div>\n\t\t<\/article>\n\t\t\t\t<article class=\"elementor-post elementor-grid-item post-693 post type-post status-publish format-standard has-post-thumbnail hentry category-evenements-et-conferences-sur-lor tag-artisanat-joaillerie tag-bijoux-faits-main\" role=\"listitem\">\n\t\t\t<div class=\"elementor-post__card\">\n\t\t\t\t<a class=\"elementor-post__thumbnail__link\" href=\"https:\/\/talajoaillerie.com\/index.php\/2025\/09\/15\/le-savoir-faire-artisanal-au-coeur-de-nos-creations-joaillieres\/\" tabindex=\"-1\" ><div class=\"elementor-post__thumbnail\"><img decoding=\"async\" width=\"300\" height=\"200\" src=\"https:\/\/talajoaillerie.com\/wp-content\/uploads\/2025\/09\/Rings-Tala-Joaillerie-300x200.png\" class=\"attachment-medium size-medium wp-image-697\" alt=\"Tala Joaillerie\" srcset=\"https:\/\/talajoaillerie.com\/wp-content\/uploads\/2025\/09\/Rings-Tala-Joaillerie-300x200.png 300w, https:\/\/talajoaillerie.com\/wp-content\/uploads\/2025\/09\/Rings-Tala-Joaillerie-600x400.png 600w, https:\/\/talajoaillerie.com\/wp-content\/uploads\/2025\/09\/Rings-Tala-Joaillerie-1024x682.png 1024w, https:\/\/talajoaillerie.com\/wp-content\/uploads\/2025\/09\/Rings-Tala-Joaillerie-768x512.png 768w, https:\/\/talajoaillerie.com\/wp-content\/uploads\/2025\/09\/Rings-Tala-Joaillerie.png 1280w\" sizes=\"(max-width: 300px) 100vw, 300px\" \/><\/div><\/a>\n\t\t\t\t<div class=\"elementor-post__text\">\n\t\t\t\t<h3 class=\"elementor-post__title\">\n\t\t\t<a href=\"https:\/\/talajoaillerie.com\/index.php\/2025\/09\/15\/le-savoir-faire-artisanal-au-coeur-de-nos-creations-joaillieres\/\" >\n\t\t\t\tLe savoir-faire artisanal au c\u0153ur de nos cr\u00e9ations joailli\u00e8res\t\t\t<\/a>\n\t\t<\/h3>\n\t\t\t\t<div class=\"elementor-post__excerpt\">\n\t\t\t<p>Dans un monde o\u00f9 la production de masse domine, Maison Tala Joaillerie choisit de pr\u00e9server l\u2019authenticit\u00e9 et la d\u00e9licatesse de l\u2019artisanat. Chaque bijou est le<\/p>\n\t\t<\/div>\n\t\t\n\t\t<a class=\"elementor-post__read-more\" href=\"https:\/\/talajoaillerie.com\/index.php\/2025\/09\/15\/le-savoir-faire-artisanal-au-coeur-de-nos-creations-joaillieres\/\" aria-label=\"Read more about Le savoir-faire artisanal au c\u0153ur de nos cr\u00e9ations joailli\u00e8res\" tabindex=\"-1\" >\n\t\t\tRead More \u00bb\t\t<\/a>\n\n\t\t\t\t<\/div>\n\t\t\t\t<div class=\"elementor-post__meta-data\">\n\t\t\t\t\t<span class=\"elementor-post-date\">\n\t\t\tSeptember 15, 2025\t\t<\/span>\n\t\t\t\t<span class=\"elementor-post-avatar\">\n\t\t\tNo Comments\t\t<\/span>\n\t\t\t\t<\/div>\n\t\t\t\t\t<\/div>\n\t\t<\/article>\n\t\t\t\t<article class=\"elementor-post elementor-grid-item post-675 post type-post status-publish format-standard has-post-thumbnail hentry category-guides-dachat tag-bague-de-fiancailles tag-choisir-bague-de-fiancailles tag-conseils-bague-de-fiancailles\" role=\"listitem\">\n\t\t\t<div class=\"elementor-post__card\">\n\t\t\t\t<a class=\"elementor-post__thumbnail__link\" href=\"https:\/\/talajoaillerie.com\/index.php\/2025\/09\/13\/choisir-bague-de-fiancailles\/\" tabindex=\"-1\" ><div class=\"elementor-post__thumbnail\"><img loading=\"lazy\" decoding=\"async\" width=\"300\" height=\"200\" src=\"https:\/\/talajoaillerie.com\/wp-content\/uploads\/2025\/09\/Gold-rings-min-300x200.png\" class=\"attachment-medium size-medium wp-image-676\" alt=\"gold rings tala joiallerie\" srcset=\"https:\/\/talajoaillerie.com\/wp-content\/uploads\/2025\/09\/Gold-rings-min-300x200.png 300w, https:\/\/talajoaillerie.com\/wp-content\/uploads\/2025\/09\/Gold-rings-min-600x400.png 600w, https:\/\/talajoaillerie.com\/wp-content\/uploads\/2025\/09\/Gold-rings-min-1024x682.png 1024w, https:\/\/talajoaillerie.com\/wp-content\/uploads\/2025\/09\/Gold-rings-min-768x512.png 768w, https:\/\/talajoaillerie.com\/wp-content\/uploads\/2025\/09\/Gold-rings-min.png 1280w\" sizes=\"(max-width: 300px) 100vw, 300px\" \/><\/div><\/a>\n\t\t\t\t<div class=\"elementor-post__text\">\n\t\t\t\t<h3 class=\"elementor-post__title\">\n\t\t\t<a href=\"https:\/\/talajoaillerie.com\/index.php\/2025\/09\/13\/choisir-bague-de-fiancailles\/\" >\n\t\t\t\tGuide complet pour choisir la bague de fian\u00e7ailles parfaite\t\t\t<\/a>\n\t\t<\/h3>\n\t\t\t\t<div class=\"elementor-post__excerpt\">\n\t\t\t<p>\u00a0Le choix d\u2019une bague de fian\u00e7ailles est l\u2019un des moments les plus importants d\u2019une histoire d\u2019amour. Symbole d\u2019engagement et de promesse \u00e9ternelle, elle doit refl\u00e9ter<\/p>\n\t\t<\/div>\n\t\t\n\t\t<a class=\"elementor-post__read-more\" href=\"https:\/\/talajoaillerie.com\/index.php\/2025\/09\/13\/choisir-bague-de-fiancailles\/\" aria-label=\"Read more about Guide complet pour choisir la bague de fian\u00e7ailles parfaite\" tabindex=\"-1\" >\n\t\t\tRead More \u00bb\t\t<\/a>\n\n\t\t\t\t<\/div>\n\t\t\t\t<div class=\"elementor-post__meta-data\">\n\t\t\t\t\t<span class=\"elementor-post-date\">\n\t\t\tSeptember 13, 2025\t\t<\/span>\n\t\t\t\t<span class=\"elementor-post-avatar\">\n\t\t\tNo Comments\t\t<\/span>\n\t\t\t\t<\/div>\n\t\t\t\t\t<\/div>\n\t\t<\/article>\n\t\t\t\t<\/div>\n\t\t\n\t\t\t\t\t\t<\/div>\n\t\t\t\t<\/div>\n\t\t\t\t\t<\/div>\n\t\t\t\t<\/div>\n\t\t<div class=\"elementor-element elementor-element-c9eaf9d e-flex e-con-boxed e-con e-parent\" data-id=\"c9eaf9d\" data-element_type=\"container\">\n\t\t\t\t\t<div class=\"e-con-inner\">\n\t\t\t\t<div class=\"elementor-element elementor-element-fd5743c elementor-widget elementor-widget-spacer\" data-id=\"fd5743c\" data-element_type=\"widget\" data-widget_type=\"spacer.default\">\n\t\t\t\t\t\t\t<div class=\"elementor-spacer\">\n\t\t\t<div class=\"elementor-spacer-inner\"><\/div>\n\t\t<\/div>\n\t\t\t\t\t\t<\/div>\n\t\t\t\t\t<\/div>\n\t\t\t\t<\/div>\n\t\t\t\t<\/div>\n\t\t","protected":false},"excerpt":{"rendered":"","protected":false},"author":1,"featured_media":0,"parent":0,"menu_order":0,"comment_status":"closed","ping_status":"closed","template":"elementor_header_footer","meta":{"footnotes":""},"class_list":["post-12","page","type-page","status-publish","hentry"],"_links":{"self":[{"href":"https:\/\/talajoaillerie.com\/index.php\/wp-json\/wp\/v2\/pages\/12","targetHints":{"allow":["GET"]}}],"collection":[{"href":"https:\/\/talajoaillerie.com\/index.php\/wp-json\/wp\/v2\/pages"}],"about":[{"href":"https:\/\/talajoaillerie.com\/index.php\/wp-json\/wp\/v2\/types\/page"}],"author":[{"embeddable":true,"href":"https:\/\/talajoaillerie.com\/index.php\/wp-json\/wp\/v2\/users\/1"}],"replies":[{"embeddable":true,"href":"https:\/\/talajoaillerie.com\/index.php\/wp-json\/wp\/v2\/comments?post=12"}],"version-history":[{"count":19,"href":"https:\/\/talajoaillerie.com\/index.php\/wp-json\/wp\/v2\/pages\/12\/revisions"}],"predecessor-version":[{"id":707,"href":"https:\/\/talajoaillerie.com\/index.php\/wp-json\/wp\/v2\/pages\/12\/revisions\/707"}],"wp:attachment":[{"href":"https:\/\/talajoaillerie.com\/index.php\/wp-json\/wp\/v2\/media?parent=12"}],"curies":[{"name":"wp","href":"https:\/\/api.w.org\/{rel}","templated":true}]}}