{"id":866,"date":"2025-09-24T09:06:37","date_gmt":"2025-09-24T09:06:37","guid":{"rendered":"https:\/\/talajoaillerie.com\/?post_type=product&#038;p=866"},"modified":"2026-02-20T12:24:51","modified_gmt":"2026-02-20T12:24:51","slug":"collier-pio-collier-en-or-18k-dore-sans-pierre","status":"publish","type":"product","link":"https:\/\/talajoaillerie.com\/index.php\/product\/collier-pio-collier-en-or-18k-dore-sans-pierre\/","title":{"rendered":"Collier Pio\u2013 Collier en or 18C dor\u00e9, sans pierre"},"content":{"rendered":"<p data-start=\"457\" data-end=\"542\">Le <strong data-start=\"460\" data-end=\"475\">collier Pio <\/strong>est une pi\u00e8ce intemporelle qui c\u00e9l\u00e8bre la simplicit\u00e9 et le luxe.<\/p>\n<ul data-start=\"543\" data-end=\"855\">\n<li data-start=\"543\" data-end=\"607\">\n<p data-start=\"545\" data-end=\"607\">Fabriqu\u00e9 en <strong data-start=\"557\" data-end=\"567\">or 18C<\/strong>\u00a0avec une finition <strong data-start=\"586\" data-end=\"595\">dor\u00e9e<\/strong> \u00e9clatante<\/p>\n<\/li>\n<li data-start=\"608\" data-end=\"658\">\n<p data-start=\"610\" data-end=\"658\">Design minimaliste et raffin\u00e9, <strong data-start=\"641\" data-end=\"656\">sans pierre<\/strong><\/p>\n<\/li>\n<li data-start=\"659\" data-end=\"716\">\n<p data-start=\"661\" data-end=\"716\">Longueur de cha\u00eene standard, confortable au quotidien<\/p>\n<\/li>\n<li data-start=\"717\" data-end=\"774\">\n<p data-start=\"719\" data-end=\"774\">Id\u00e9al comme cadeau pour un moment unique et m\u00e9morable<\/p>\n<\/li>\n<li data-start=\"775\" data-end=\"855\">\n<p data-start=\"777\" data-end=\"855\">L\u00e9ger, r\u00e9sistant et adapt\u00e9 \u00e0 un usage quotidien ou \u00e0 des occasions sp\u00e9ciales<\/p>\n<\/li>\n<\/ul>\n<p data-start=\"857\" data-end=\"968\">Ce collier peut \u00eatre port\u00e9 seul pour un look \u00e9pur\u00e9 ou associ\u00e9 \u00e0 d\u2019autres bijoux pour cr\u00e9er une allure unique.<\/p>\n","protected":false},"excerpt":{"rendered":"<p>Le collier Pio incarne l\u2019\u00e9l\u00e9gance discr\u00e8te. Con\u00e7u en or 18C carats dor\u00e9, au design minimaliste et raffin\u00e9, sans pierre \u2013 parfait pour toutes les occasions.<\/p>\n","protected":false},"featured_media":425,"comment_status":"open","ping_status":"closed","template":"","meta":[],"product_brand":[],"product_cat":[32,35],"product_tag":[],"class_list":{"0":"post-866","1":"product","2":"type-product","3":"status-publish","4":"has-post-thumbnail","6":"product_cat-bijoux","7":"product_cat-colliers","9":"first","10":"instock","11":"shipping-taxable","12":"purchasable","13":"product-type-simple"},"_links":{"self":[{"href":"https:\/\/talajoaillerie.com\/index.php\/wp-json\/wp\/v2\/product\/866","targetHints":{"allow":["GET"]}}],"collection":[{"href":"https:\/\/talajoaillerie.com\/index.php\/wp-json\/wp\/v2\/product"}],"about":[{"href":"https:\/\/talajoaillerie.com\/index.php\/wp-json\/wp\/v2\/types\/product"}],"replies":[{"embeddable":true,"href":"https:\/\/talajoaillerie.com\/index.php\/wp-json\/wp\/v2\/comments?post=866"}],"wp:featuredmedia":[{"embeddable":true,"href":"https:\/\/talajoaillerie.com\/index.php\/wp-json\/wp\/v2\/media\/425"}],"wp:attachment":[{"href":"https:\/\/talajoaillerie.com\/index.php\/wp-json\/wp\/v2\/media?parent=866"}],"wp:term":[{"taxonomy":"product_brand","embeddable":true,"href":"https:\/\/talajoaillerie.com\/index.php\/wp-json\/wp\/v2\/product_brand?post=866"},{"taxonomy":"product_cat","embeddable":true,"href":"https:\/\/talajoaillerie.com\/index.php\/wp-json\/wp\/v2\/product_cat?post=866"},{"taxonomy":"product_tag","embeddable":true,"href":"https:\/\/talajoaillerie.com\/index.php\/wp-json\/wp\/v2\/product_tag?post=866"}],"curies":[{"name":"wp","href":"https:\/\/api.w.org\/{rel}","templated":true}]}}