{"id":871,"date":"2025-09-24T09:19:56","date_gmt":"2025-09-24T09:19:56","guid":{"rendered":"https:\/\/talajoaillerie.com\/?post_type=product&#038;p=871"},"modified":"2026-02-07T07:45:18","modified_gmt":"2026-02-07T07:45:18","slug":"bracelet-maya-bracelet-en-or-18k-dore-sans-pierre","status":"publish","type":"product","link":"https:\/\/talajoaillerie.com\/index.php\/product\/bracelet-maya-bracelet-en-or-18k-dore-sans-pierre\/","title":{"rendered":"Bracelet Maya\u2013 Bracelet en or 18C dor\u00e9, sans pierre"},"content":{"rendered":"<p data-start=\"456\" data-end=\"527\">Bracelet Maya en or 18C<\/p>\n<p data-start=\"456\" data-end=\"527\">Le <strong data-start=\"459\" data-end=\"475\">bracelet Maya, <\/strong>\u00a0une cr\u00e9ation d\u00e9licate pour celles et ceux qui gardent toujours leur chat dans leur c\u0153ur. l\u2019incarnation d\u2019un style chic et minimaliste.<\/p>\n","protected":false},"excerpt":{"rendered":"<p>Le bracelet Maya, en or 18C carats dor\u00e9, allie \u00e9l\u00e9gance et simplicit\u00e9. Un bijou raffin\u00e9, intemporel, con\u00e7u pour sublimer chaque instant.<\/p>\n","protected":false},"featured_media":328,"comment_status":"open","ping_status":"closed","template":"","meta":[],"product_brand":[],"product_cat":[32,36],"product_tag":[],"class_list":{"0":"post-871","1":"product","2":"type-product","3":"status-publish","4":"has-post-thumbnail","6":"product_cat-bijoux","7":"product_cat-bracelets","9":"first","10":"instock","11":"shipping-taxable","12":"purchasable","13":"product-type-simple"},"_links":{"self":[{"href":"https:\/\/talajoaillerie.com\/index.php\/wp-json\/wp\/v2\/product\/871","targetHints":{"allow":["GET"]}}],"collection":[{"href":"https:\/\/talajoaillerie.com\/index.php\/wp-json\/wp\/v2\/product"}],"about":[{"href":"https:\/\/talajoaillerie.com\/index.php\/wp-json\/wp\/v2\/types\/product"}],"replies":[{"embeddable":true,"href":"https:\/\/talajoaillerie.com\/index.php\/wp-json\/wp\/v2\/comments?post=871"}],"wp:featuredmedia":[{"embeddable":true,"href":"https:\/\/talajoaillerie.com\/index.php\/wp-json\/wp\/v2\/media\/328"}],"wp:attachment":[{"href":"https:\/\/talajoaillerie.com\/index.php\/wp-json\/wp\/v2\/media?parent=871"}],"wp:term":[{"taxonomy":"product_brand","embeddable":true,"href":"https:\/\/talajoaillerie.com\/index.php\/wp-json\/wp\/v2\/product_brand?post=871"},{"taxonomy":"product_cat","embeddable":true,"href":"https:\/\/talajoaillerie.com\/index.php\/wp-json\/wp\/v2\/product_cat?post=871"},{"taxonomy":"product_tag","embeddable":true,"href":"https:\/\/talajoaillerie.com\/index.php\/wp-json\/wp\/v2\/product_tag?post=871"}],"curies":[{"name":"wp","href":"https:\/\/api.w.org\/{rel}","templated":true}]}}