{"id":872,"date":"2025-09-24T09:22:49","date_gmt":"2025-09-24T09:22:49","guid":{"rendered":"https:\/\/talajoaillerie.com\/?post_type=product&#038;p=872"},"modified":"2026-02-18T06:54:32","modified_gmt":"2026-02-18T06:54:32","slug":"bague-ora-en-argent-925-avec-pierre-etincelante","status":"publish","type":"product","link":"https:\/\/talajoaillerie.com\/index.php\/product\/bague-ora-en-argent-925-avec-pierre-etincelante\/","title":{"rendered":"Bague \u201cOra\u201d"},"content":{"rendered":"<p>Bague Ora en or 18.C : 2.710 g<\/p>\n<p>Bague Sensia en or 18.C: 1.580 g<\/p>\n<p>Confortable et r\u00e9sistance, parfois pour sublime votre style au quotidien<\/p>\n<p>&nbsp;<\/p>\n","protected":false},"excerpt":{"rendered":"<p data-start=\"373\" data-end=\"599\"><em data-start=\"373\" data-end=\"597\">D\u00e9couvrez l\u2019\u00e9clat intemporel de la bague <strong data-start=\"415\" data-end=\"441\">Ora.<\/strong>\u00a0\u00c9l\u00e9gante, raffin\u00e9e et con\u00e7ue pour briller \u00e0 chaque instant de votre vie.<\/em><\/p>\n","protected":false},"featured_media":327,"comment_status":"open","ping_status":"closed","template":"","meta":[],"product_brand":[],"product_cat":[32,33],"product_tag":[],"class_list":{"0":"post-872","1":"product","2":"type-product","3":"status-publish","4":"has-post-thumbnail","6":"product_cat-bijoux","7":"product_cat-bagues","9":"first","10":"instock","11":"shipping-taxable","12":"purchasable","13":"product-type-simple"},"_links":{"self":[{"href":"https:\/\/talajoaillerie.com\/index.php\/wp-json\/wp\/v2\/product\/872","targetHints":{"allow":["GET"]}}],"collection":[{"href":"https:\/\/talajoaillerie.com\/index.php\/wp-json\/wp\/v2\/product"}],"about":[{"href":"https:\/\/talajoaillerie.com\/index.php\/wp-json\/wp\/v2\/types\/product"}],"replies":[{"embeddable":true,"href":"https:\/\/talajoaillerie.com\/index.php\/wp-json\/wp\/v2\/comments?post=872"}],"wp:featuredmedia":[{"embeddable":true,"href":"https:\/\/talajoaillerie.com\/index.php\/wp-json\/wp\/v2\/media\/327"}],"wp:attachment":[{"href":"https:\/\/talajoaillerie.com\/index.php\/wp-json\/wp\/v2\/media?parent=872"}],"wp:term":[{"taxonomy":"product_brand","embeddable":true,"href":"https:\/\/talajoaillerie.com\/index.php\/wp-json\/wp\/v2\/product_brand?post=872"},{"taxonomy":"product_cat","embeddable":true,"href":"https:\/\/talajoaillerie.com\/index.php\/wp-json\/wp\/v2\/product_cat?post=872"},{"taxonomy":"product_tag","embeddable":true,"href":"https:\/\/talajoaillerie.com\/index.php\/wp-json\/wp\/v2\/product_tag?post=872"}],"curies":[{"name":"wp","href":"https:\/\/api.w.org\/{rel}","templated":true}]}}